{"id":35,"date":"2023-12-11T11:20:50","date_gmt":"2023-12-11T11:20:50","guid":{"rendered":"https:\/\/ott.usm.md\/?page_id=35"},"modified":"2024-01-03T10:47:27","modified_gmt":"2024-01-03T10:47:27","slug":"regulament","status":"publish","type":"page","link":"https:\/\/ott.usm.md\/?page_id=35","title":{"rendered":"Regulament"},"content":{"rendered":"<p style=\"text-align: center;\"><strong>REGULAMENTUL DE FUNC\u021aIONARE<\/strong><\/p>\n<p style=\"text-align: center;\"><strong>A OFICIULUI INOVARE \u0218I TRANSFER TEHNOLOGIC<\/strong><\/p>\n<p style=\"text-align: center;\"><strong>AL UNIVERSIT\u0102\u021aII DE STAT DIN MOLDOVA<\/strong><\/p>\n<ol>\n<li style=\"text-align: justify;\"><strong>Generalit\u0103\u0163i<\/strong><\/li>\n<\/ol>\n<p style=\"text-align: justify;\"><strong>Art.1.<\/strong> \u00cen vederea cre\u015fterii performan\u021bei \u00een activitatea de cercetare-dezvoltare-inovare (CDI) \u015fi transfer tehnologic s-a \u00eenfiin\u021bat \u201eOficiul de Inovare \u0219i Transfer Tehnologic\u201d; acest oficiu se organizeaz\u0103 \u015fi func\u021bioneaz\u0103 \u00een concordan\u021b\u0103 cu prevederile Codului Educa\u021biei nr. 152 din 17.07.2014, Cartei Universitare, legisla\u021biei \u00een vigoare, actelor normative ce reglementeaz\u0103 efectuarea cercet\u0103rilor \u0219tiin\u021bifice \u015fi transferul de tehnologii, precum \u015fi \u00een conformitate cu prezentul Regulament.<\/p>\n<p style=\"text-align: justify;\"><strong>Art.2.<\/strong> \u201eOficiul de Inovare \u0219i Transfer Tehnologic\u201d se abreviaz\u0103 OITT.<\/p>\n<p style=\"text-align: justify;\"><strong>Art.3.<\/strong> \u201eOficiul de Inovare \u0219i Transfer Tehnologic\u201d reprezint\u0103 interfa\u021ba dintre activitatea de cercetare-dezvoltare-inovare desf\u0103\u0219urat\u0103 \u00een Universitatea de Stat din Moldova \u015fi mediul economico-social, non-academic, av\u00e2nd ca scop eficientizarea procesului de transformare a progresului \u015ftiin\u0163ific \u00een produse tangibile \u015fi servicii care aduc un beneficiu considerabil societ\u0103\u021bii. \u00a0OITT este un compartiment multi \u015fi interdisciplinar, av\u00e2nd rolul de a sprijini departamentele academice, laboratoarele de cercetare \u0219tiin\u021bifice \u0219i universitatea, \u00een general, \u00een toate problemele care implic\u0103 proprietatea intelectual\u0103, contribuind la valorificarea rezultatelor cercet\u0103rii universitare, dezvoltarea economic\u0103 \u00een general \u015fi la ob\u021binerea de resurse financiare pentru universitate.<\/p>\n<ol style=\"text-align: justify;\">\n<li><strong> Viziune. Misiune. Obiective<\/strong><\/li>\n<\/ol>\n<p style=\"text-align: justify;\"><strong>Art.4.<\/strong> Viziunea OITT este rezultat\u0103 din politica Strategiei Na\u021bional\u0103 de Dezvoltare \u201eMoldova European\u0103 2030\u201d, din Obiectivele de Dezvoltare Durabil\u0103 ale ONU, din eforturile de aliniere treptat\u0103 la orient\u0103rile recente ale politicii UE, dictat\u0103 de necesitatea cre\u0219terii capacit\u0103\u021bii \u015fi competitivit\u0103\u021bii sistemului CDI al USM.<\/p>\n<p style=\"text-align: justify;\"><strong>Art.5. <\/strong>Misiunea OITT este aceea de a contribui la implementarea Strategiei de dezvoltare a Universit\u0103\u021bii de Stat din Moldova (2021-2026), de atingere a obiectivelor stabilite de acesta, \u00een scopul \u00eendeplinirii misiunii universit\u0103\u021bii \u00een domeniul cercet\u0103rii \u0219tiin\u021bifice, inov\u0103rii \u015fi transferului tehnologic, prin facilitarea dezvolt\u0103rii, disemin\u0103rii, protec\u021biei, transferului, licen\u021bierii \u0219i comercializ\u0103rii tehnologiilor, a inven\u021biilor \u0219i a crea\u021biilor cercet\u0103torilor, cadrelor didactice, doctoranzilor \u0219i studen\u021bilor Universit\u0103\u021bii de Stat din Moldova.<\/p>\n<p style=\"text-align: justify;\"><strong>Art.6. <\/strong>Obiectivele OITT sunt:<\/p>\n<p style=\"text-align: justify;\">\u00a0(1) Identificarea ofertei interne a Universit\u0103\u021bii de Stat din Moldova de competen\u0163e, solu\u0163ii tehnice, produse \u015fi servicii care pot fi oferite pentru transfer tehnologic;<\/p>\n<p style=\"text-align: justify;\">\u00a0(2) Asigurarea cadrului organizatoric, procedural \u015fi informa\u0163ional necesar dezvolt\u0103rii activit\u0103\u0163ilor de transfer tehnologic a rezultatelor activit\u0103\u0163ii de cercetare-dezvoltare-inovare din universitate c\u0103tre mediul economico-social, non-academic;<\/p>\n<p style=\"text-align: justify;\">\u00a0(3) Asigurarea cadrului organizatoric, procedural \u015fi informa\u0163ional necesar constituirii companiilor de tip start-up \u0219i spin-off de c\u0103tre angaja\u0163i \u015fi studen\u0163i ai Universit\u0103\u0163ii de Stat din Moldova;<\/p>\n<p style=\"text-align: justify;\">\u00a0(4) Asigurarea leg\u0103turii \u00eentre Universitatea de Stat din Moldova \u015fi mediul de afaceri sau alte institu\u0163ii, organisme \u015fi organiza\u0163ii interesate \u00een activitatea de transfer tehnologic (de rezultatele cercet\u0103rii universitate \u015fi posibilitatea de transfer tehnologic a acestor rezultate);<\/p>\n<p style=\"text-align: justify;\">\u00a0(5) Cre\u015fterea vizibilit\u0103\u0163ii Universit\u0103\u0163ii de Stat din Moldova \u00een cadrul cercet\u0103rii \u015ftiin\u0163ifice din Republica Moldova \u015fi \u00een Aria European\u0103 de Cercetare prin promovarea produselor \u015fi tehnologiilor noi, brevetate \u015fi nebrevetate, concepute de membrii comunit\u0103\u0163ii academice.<\/p>\n<p style=\"text-align: justify;\"><strong>Art.7. <\/strong>Arii de ac\u021biune \u0219i responsabilit\u0103\u021bi:<\/p>\n<p style=\"text-align: justify;\"><em>\u00ce<\/em><em>n domeniul inov<\/em><em>\u0103<\/em><em>rii: <\/em><\/p>\n<ul style=\"text-align: justify;\">\n<li>Desf\u0103\u0219oar\u0103 activit\u0103\u021bi cu scopul protej\u0103rii propriet\u0103\u021bii intelectuale.<\/li>\n<li>\u00cendepline\u0219te activit\u0103\u021bi axate pe generarea, asimilarea \u0219i valorificarea rezultatelor CDI \u00een contextul socioeconomic.<\/li>\n<li>Execut\u0103 lucr\u0103ri de evaluare, rezumare tehnic\u0103 \u0219i audit tehnologic.<\/li>\n<li>Desf\u0103\u0219oar\u0103 activit\u0103\u021bi de informare, documentare \u0219i de intermediere \u00een domeniul tehnic \u0219i financiar.<\/li>\n<li>Asigur\u0103 asistare, monitorizare \u0219i evaluare pentru licen\u021be, obiectul c\u0103rora este brevetul de inven\u021bie.<\/li>\n<li>Efectueaz\u0103 eviden\u021ba rezultatelor cercet\u0103rii.<\/li>\n<li>Furnizeaz\u0103 ghidare \u0219i asisten\u021b\u0103 inventatorilor \u00een procesul de depunere a cererilor de brevet de inven\u021bie \u0219i a altor obiecte de proprietate intelectual\u0103.<\/li>\n<li>Analizeaz\u0103 poten\u021bialul comercial al noilor obiecte de proprietate intelectual\u0103.<\/li>\n<\/ul>\n<p style=\"text-align: justify;\"><em>\u00ce<\/em><em>n domeniul transferului tehnologic: <\/em><\/p>\n<ul style=\"text-align: justify;\">\n<li>Asigur\u0103 consultan\u021b\u0103 metodologic\u0103 pentru proiectele de transfer tehnologic.<\/li>\n<li>Contribuie la atragerea de resurse financiare suplimentare prin implicarea \u00een diverse proiecte menite s\u0103 stimuleze creativitatea \u0219i inovarea, consolid\u00e2nd astfel capacitatea de inovare \u0219i transfer tehnologic a organiza\u021biei (proiecte Erasmus, Horizon 2020, etc.).<\/li>\n<li>Coordonaz\u0103 dezvoltarea bazelor de date specializate.<\/li>\n<li>Furnizeaz\u0103 consultan\u021b\u0103 \u0219i asisten\u021b\u0103 \u00een organizarea start-up-urilor, \u00een \u00eencheierea acordurilor de transfer de materiale, a acordurilor de confiden\u021bialitate \u0219i altor aranjamente juridice.<\/li>\n<li>Asigur\u0103 conformitatea cu reglement\u0103rile na\u021bionale privind transferul tehnologic.<\/li>\n<li>Faciliteaz\u0103 interac\u021biunea dintre cercet\u0103tori \u0219i mediul de afaceri \u00een vederea realiz\u0103rii transferului tehnologic.<\/li>\n<li>Gestionarea \u0219i medierea procesului de negociere a licen\u021belor.<\/li>\n<li>Organizeaz\u0103 ac\u021biuni specifice pentru promovarea rezultatelor cercet\u0103rii \u0219i inov\u0103rii, cum ar fi \u00eent\u00e2lniri de afaceri, standuri de prezentare \u0219i participarea la t\u00e2rguri \u0219i expozi\u021bii na\u021bionale \u0219i interna\u021bionale.<\/li>\n<li>Desf\u0103\u0219oar\u0103 activit\u0103\u021bi de redactare a publica\u021biilor dedicate inov\u0103rii \u0219i transferului tehnologic, inclusiv organizarea edit\u0103rii de publica\u021bii electronice.<\/li>\n<li>Dezvolt\u0103 infrastructura biroului de transfer tehnologic.<\/li>\n<li>Se ocup\u0103 de valorificarea inven\u021biilor \u0219i a ideilor inovative.<\/li>\n<li>Elaboreaz\u0103 baze de date publice \u0219i efectueaz\u0103 cercet\u0103ri documentare.<\/li>\n<li>Realizeaz\u0103 studii \u0219i cercet\u0103ri de pia\u021b\u0103, studii de fezabilitate \u0219i planuri de afaceri.<\/li>\n<li>Furnizeaz\u0103 servicii de consultan\u021b\u0103 privind organizarea firmelor inovative \u0219i a afacerilor.<\/li>\n<\/ul>\n<p style=\"text-align: justify;\"><em>\u00ce<\/em><em>n domeniul instruirii de specialitate: <\/em><\/p>\n<ul style=\"text-align: justify;\">\n<li>Furnizeaz\u0103 cursuri de instruire \u00een managementul inov\u0103rii \u0219i \u00een conducerea \u00eentreprinderilor inovative.<\/li>\n<li>Coordonaz\u0103 seminare, vizite de studiu \u0219i stagii de preg\u0103tire; elaboreaz\u0103 documenta\u021bii suport, inclusiv ghiduri, metodologii, pliante etc.<\/li>\n<li>Asigur\u0103 instruirea pentru utilizarea surselor specifice de informare.<\/li>\n<\/ul>\n<p style=\"text-align: justify;\"><em>\u00ce<\/em><em>n domeniul imaginii <\/em><em>\u0219<\/em><em>i comunic<\/em><em>\u0103<\/em><em>rii; <\/em><\/p>\n<ul style=\"text-align: justify;\">\n<li>Coordonaz\u0103 ac\u021biuni promo\u021bionale, cum ar fi conferin\u021be de pres\u0103, manifest\u0103ri \u0219tiin\u021bifice \u0219i de promovare comercial\u0103, publicitate, reclam\u0103 \u0219i editarea de materiale \u0219i obiecte pentru marcarea evenimentelor.<\/li>\n<li>Elaboreaz\u0103 \u0219i editeaz\u0103 publica\u021bii \u00een domeniul respectiv.<\/li>\n<li>Realizeaz\u0103 diseminarea de informa\u021bii \u00een domeniul protec\u021biei propriet\u0103\u021bii intelectuale \u0219i a transferului tehnologic.<\/li>\n<li>Organizeaz\u0103 \u00eent\u00e2lniri \u00eentre poten\u021biali parteneri, facilit\u00e2nd accesul la expertiz\u0103 calificat\u0103.<\/li>\n<li>Furnizeaz\u0103 informa\u021bii clien\u021bilor poten\u021biali despre tehnologiile disponibile, posibilit\u0103\u021bile de valorificare \u0219i avantajele implement\u0103rii elabor\u0103rilor \u0219tiin\u021bifice.<\/li>\n<\/ul>\n<p style=\"text-align: justify;\"><strong>Art.<\/strong><strong>8<\/strong><strong>. <\/strong>Activitatea OITT este sus\u021binut\u0103 financiar prin aport complex, din:<\/p>\n<p style=\"text-align: justify;\">(1) Surse bugetare;<\/p>\n<p style=\"text-align: justify;\">(2) Contractele de cercetare \u0219tiin\u021bific\u0103 \u015fi de proiectare;<\/p>\n<p style=\"text-align: justify;\">(3) Veniturile rezultate pentru lucr\u0103rile de consultan\u0163\u0103, expertiz\u0103 \u015fi asisten\u0163\u0103 tehnic\u0103;<\/p>\n<p style=\"text-align: justify;\">(4) Taxe de participare la manifest\u0103rile \u015ftiin\u0163ifice pe care le organizeaz\u0103;<\/p>\n<p style=\"text-align: justify;\">(5) Editarea unor publica\u0163ii \u015ftiin\u0163ifice;<\/p>\n<p style=\"text-align: justify;\">(6) Asocieri cu ter\u0163i;<\/p>\n<p style=\"text-align: justify;\">(7) Sponsoriz\u0103ri, dona\u0163ii, subven\u0163ii, concesiuni;<\/p>\n<p style=\"text-align: justify;\">(8) Venituri din contractele de transfer tehnologic \u015fi de constituire a companiilor start-up \u0219i spin-off;<\/p>\n<p style=\"text-align: justify;\">(9) Alte venituri.<\/p>\n<p style=\"text-align: justify;\"><strong>III. Organizare <\/strong><\/p>\n<p style=\"text-align: justify;\"><strong>Art.<\/strong><strong>9<\/strong><strong>. <\/strong>Activitatea OITT este condus\u0103 de un \u0218ef, numit de Rectorul USM. OITT se subordoneaz\u0103 Prorectorului pentru Activitatea \u0218tiin\u021bific\u0103 a USM.<\/p>\n<p style=\"text-align: justify;\"><strong>Art.<\/strong><strong>10. <\/strong>Activitatea OITT se desf\u0103\u0219oar\u0103 \u00een conformitate cu Planul anual de activitate, elaborat de \u0218eful OITT \u0219i aprobat de Prorectorul pentru Activitatea \u0218tiin\u021bific\u0103.<\/p>\n<p style=\"text-align: justify;\"><strong>Art.<\/strong><strong>11. <\/strong>\u0218eful OITT \u00eentocme\u0219te \u0219i prezint\u0103 Prorectorului pentru activitatea \u0218tiin\u021bific\u0103 \u0219i, la solicitare, Comisiei Senatului pentru \u0218tiin\u021b\u0103, Consiliului de Administra\u021bie sau altor structuri organiza\u021bionale din cadrul USM, rapoarte cu privire la promovarea \u0219i valorificarea realiz\u0103rilor \u0219i rezultatelor din activitatea de inovare \u0219i transfer tehnologic, \u00eempreun\u0103 cu m\u0103surile necesare pentru \u00eembun\u0103t\u0103\u021birea continu\u0103 a gradului de valorificare a acestor realiz\u0103ri \u0219i rezultate.<\/p>\n<ol style=\"text-align: justify;\">\n<li><strong> Leg<\/strong><strong>\u0103<\/strong><strong>turi func<\/strong><strong>\u021b<\/strong><strong>ionale <\/strong><\/li>\n<\/ol>\n<p style=\"text-align: justify;\"><strong>\u00a0<\/strong><\/p>\n<p style=\"text-align: justify;\"><strong>Art.<\/strong><strong>12. <\/strong>\u00cen exercitarea atribu\u021biilor sale, OITT are rela\u021bii directe de colaborare cu consiliile din structura administrativ\u0103 a Universit\u0103\u021bii, cu facult\u0103\u021bile, decanatele, departamentele \u0219i compartimentele func\u021bionale din Universitate.<\/p>\n<p style=\"text-align: justify;\"><strong>Art.13. <\/strong>OITT al USM colaboreaz\u0103 cu ANCD, Agen\u021bia de Stat pentru Proprietatea Intelectual\u0103 a RM, Camera de Comer\u021b \u0219i Industrie a RM \u0219i cu alte organisme \u0219i organiza\u021bii na\u021bionale sau interna\u021bionale de profil \u00een vederea realiz\u0103rii misiunii \u0219i obiectivelor sale.<\/p>\n","protected":false},"excerpt":{"rendered":"<p>REGULAMENTUL DE FUNC\u021aIONARE A OFICIULUI INOVARE \u0218I TRANSFER TEHNOLOGIC AL UNIVERSIT\u0102\u021aII DE STAT DIN MOLDOVA Generalit\u0103\u0163i Art.1. \u00cen vederea cre\u015fterii performan\u021bei \u00een activitatea de cercetare-dezvoltare-inovare (CDI) \u015fi transfer tehnologic s-a \u00eenfiin\u021bat \u201eOficiul de Inovare \u0219i Transfer Tehnologic\u201d; acest oficiu se organizeaz\u0103 \u015fi func\u021bioneaz\u0103 \u00een concordan\u021b\u0103 cu prevederile Codului Educa\u021biei nr. 152 din 17.07.2014, Cartei Universitare,&hellip; <br \/> <a class=\"read-more\" href=\"https:\/\/ott.usm.md\/?page_id=35\">Cite\u0219te mai mult<\/a><\/p>\n","protected":false},"author":1,"featured_media":0,"parent":0,"menu_order":0,"comment_status":"closed","ping_status":"closed","template":"","meta":{"footnotes":""},"class_list":["post-35","page","type-page","status-publish","hentry"],"rttpg_featured_image_url":null,"rttpg_author":{"display_name":"","author_link":"https:\/\/ott.usm.md\/?author=1"},"rttpg_comment":0,"rttpg_category":null,"rttpg_excerpt":"REGULAMENTUL DE FUNC\u021aIONARE A OFICIULUI INOVARE \u0218I TRANSFER TEHNOLOGIC AL UNIVERSIT\u0102\u021aII DE STAT DIN MOLDOVA Generalit\u0103\u0163i Art.1. \u00cen vederea cre\u015fterii performan\u021bei \u00een activitatea de cercetare-dezvoltare-inovare (CDI) \u015fi transfer tehnologic s-a \u00eenfiin\u021bat \u201eOficiul de Inovare \u0219i Transfer Tehnologic\u201d; acest oficiu se organizeaz\u0103 \u015fi func\u021bioneaz\u0103 \u00een concordan\u021b\u0103 cu prevederile Codului Educa\u021biei nr. 152 din 17.07.2014, Cartei Universitare,&hellip;&hellip;","_links":{"self":[{"href":"https:\/\/ott.usm.md\/index.php?rest_route=\/wp\/v2\/pages\/35","targetHints":{"allow":["GET"]}}],"collection":[{"href":"https:\/\/ott.usm.md\/index.php?rest_route=\/wp\/v2\/pages"}],"about":[{"href":"https:\/\/ott.usm.md\/index.php?rest_route=\/wp\/v2\/types\/page"}],"author":[{"embeddable":true,"href":"https:\/\/ott.usm.md\/index.php?rest_route=\/wp\/v2\/users\/1"}],"replies":[{"embeddable":true,"href":"https:\/\/ott.usm.md\/index.php?rest_route=%2Fwp%2Fv2%2Fcomments&post=35"}],"version-history":[{"count":3,"href":"https:\/\/ott.usm.md\/index.php?rest_route=\/wp\/v2\/pages\/35\/revisions"}],"predecessor-version":[{"id":1182,"href":"https:\/\/ott.usm.md\/index.php?rest_route=\/wp\/v2\/pages\/35\/revisions\/1182"}],"wp:attachment":[{"href":"https:\/\/ott.usm.md\/index.php?rest_route=%2Fwp%2Fv2%2Fmedia&parent=35"}],"curies":[{"name":"wp","href":"https:\/\/api.w.org\/{rel}","templated":true}]}}