{"id":33,"date":"2023-12-11T11:20:37","date_gmt":"2023-12-11T11:20:37","guid":{"rendered":"https:\/\/ott.usm.md\/?page_id=33"},"modified":"2024-01-03T10:45:17","modified_gmt":"2024-01-03T10:45:17","slug":"activitati","status":"publish","type":"page","link":"https:\/\/ott.usm.md\/?page_id=33","title":{"rendered":"Activit\u0103\u021bi"},"content":{"rendered":"<p style=\"text-align: justify;\">\u00cen domeniul inov\u0103rii:<\/p>\n<ul style=\"text-align: justify;\">\n<li>Desf\u0103\u0219oar\u0103 activit\u0103\u021bi cu scopul protej\u0103rii propriet\u0103\u021bii intelectuale.<\/li>\n<li>\u00cendepline\u0219te activit\u0103\u021bi axate pe generarea, asimilarea \u0219i valorificarea rezultatelor CDI \u00een contextul socioeconomic.<\/li>\n<li>Execut\u0103 lucr\u0103ri de evaluare, rezumare tehnic\u0103 \u0219i audit tehnologic.<\/li>\n<li>Desf\u0103\u0219oar\u0103 activit\u0103\u021bi de informare, documentare \u0219i de intermediere \u00een domeniul tehnic \u0219i financiar.<\/li>\n<li>Asigur\u0103 asistare, monitorizare \u0219i evaluare pentru licen\u021be, obiectul c\u0103rora este brevetul de inven\u021bie.<\/li>\n<li>Efectueaz\u0103 eviden\u021ba rezultatelor cercet\u0103rii.<\/li>\n<li>Furnizeaz\u0103 ghidare \u0219i asisten\u021b\u0103 inventatorilor \u00een procesul de depunere a cererilor de brevet de inven\u021bie \u0219i a altor obiecte de proprietate intelectual\u0103.<\/li>\n<li>Analizeaz\u0103 poten\u021bialul comercial al noilor obiecte de proprietate intelectual\u0103.<\/li>\n<\/ul>\n<p style=\"text-align: justify;\">\u00cen domeniul transferului tehnologic:<\/p>\n<ul style=\"text-align: justify;\">\n<li>Asigur\u0103 consultan\u021b\u0103 metodologic\u0103 pentru proiectele de transfer tehnologic.<\/li>\n<li>Contribuie la atragerea de resurse financiare suplimentare prin implicarea \u00een diverse proiecte menite s\u0103 stimuleze creativitatea \u0219i inovarea, consolid\u00e2nd astfel capacitatea de inovare \u0219i transfer tehnologic a organiza\u021biei (proiecte Erasmus, Horizon 2020, etc.).<\/li>\n<li>Coordonaz\u0103 dezvoltarea bazelor de date specializate.<\/li>\n<li>Furnizeaz\u0103 consultan\u021b\u0103 \u0219i asisten\u021b\u0103 \u00een organizarea start-up-urilor, \u00een \u00eencheierea acordurilor de transfer de materiale, a acordurilor de confiden\u021bialitate \u0219i altor aranjamente juridice.<\/li>\n<li>Asigur\u0103 conformitatea cu reglement\u0103rile na\u021bionale privind transferul tehnologic.<\/li>\n<li>Faciliteaz\u0103 interac\u021biunea dintre cercet\u0103tori \u0219i mediul de afaceri \u00een vederea realiz\u0103rii transferului tehnologic.<\/li>\n<li>Gestionarea \u0219i medierea procesului de negociere a licen\u021belor.<\/li>\n<li>Organizeaz\u0103 ac\u021biuni specifice pentru promovarea rezultatelor cercet\u0103rii \u0219i inov\u0103rii, cum ar fi \u00eent\u00e2lniri de afaceri, standuri de prezentare \u0219i participarea la t\u00e2rguri \u0219i expozi\u021bii na\u021bionale \u0219i interna\u021bionale.<\/li>\n<li>Desf\u0103\u0219oar\u0103 activit\u0103\u021bi de redactare a publica\u021biilor dedicate inov\u0103rii \u0219i transferului tehnologic, inclusiv organizarea edit\u0103rii de publica\u021bii electronice.<\/li>\n<li>Dezvolt\u0103 infrastructura biroului de transfer tehnologic.<\/li>\n<li>Se ocup\u0103 de valorificarea inven\u021biilor \u0219i a ideilor inovative.<\/li>\n<li>Elaboreaz\u0103 baze de date publice \u0219i efectueaz\u0103 cercet\u0103ri documentare.<\/li>\n<li>Realizeaz\u0103 studii \u0219i cercet\u0103ri de pia\u021b\u0103, studii de fezabilitate \u0219i planuri de afaceri.<\/li>\n<li>Furnizeaz\u0103 servicii de consultan\u021b\u0103 privind organizarea firmelor inovative \u0219i a afacerilor.<\/li>\n<\/ul>\n<p style=\"text-align: justify;\">\u00cen domeniul instruirii de specialitate:<\/p>\n<ul style=\"text-align: justify;\">\n<li>Furnizeaz\u0103 cursuri de instruire \u00een managementul inov\u0103rii \u0219i \u00een conducerea \u00eentreprinderilor inovative.<\/li>\n<li>Coordonaz\u0103 seminare, vizite de studiu \u0219i stagii de preg\u0103tire; elaboreaz\u0103 documenta\u021bii suport, inclusiv ghiduri, metodologii, pliante etc.<\/li>\n<li>Asigur\u0103 instruirea pentru utilizarea surselor specifice de informare.<\/li>\n<\/ul>\n<p style=\"text-align: justify;\">\u00cen domeniul imaginii \u0219i comunic\u0103rii;<\/p>\n<ul>\n<li style=\"text-align: justify;\">Coordonaz\u0103 ac\u021biuni promo\u021bionale, cum ar fi conferin\u021be de pres\u0103, manifest\u0103ri \u0219tiin\u021bifice \u0219i de promovare comercial\u0103, publicitate, reclam\u0103 \u0219i editarea de materiale \u0219i obiecte pentru marcarea evenimentelor.<\/li>\n<li style=\"text-align: justify;\">Elaboreaz\u0103 \u0219i editeaz\u0103 publica\u021bii \u00een domeniul respectiv.<\/li>\n<li style=\"text-align: justify;\">Realizeaz\u0103 diseminarea de informa\u021bii \u00een domeniul protec\u021biei propriet\u0103\u021bii intelectuale \u0219i a transferului tehnologic.<\/li>\n<li style=\"text-align: justify;\">Organizeaz\u0103 \u00eent\u00e2lniri \u00eentre poten\u021biali parteneri, facilit\u00e2nd accesul la expertiz\u0103 calificat\u0103.<\/li>\n<li style=\"text-align: justify;\">Furnizeaz\u0103 informa\u021bii clien\u021bilor poten\u021biali despre tehnologiile disponibile, posibilit\u0103\u021bile de valorificare \u0219i avantajele implement\u0103rii elabor\u0103rilor \u0219tiin\u021bifice.<\/li>\n<\/ul>\n","protected":false},"excerpt":{"rendered":"<p>\u00cen domeniul inov\u0103rii: Desf\u0103\u0219oar\u0103 activit\u0103\u021bi cu scopul protej\u0103rii propriet\u0103\u021bii intelectuale. \u00cendepline\u0219te activit\u0103\u021bi axate pe generarea, asimilarea \u0219i valorificarea rezultatelor CDI \u00een contextul socioeconomic. Execut\u0103 lucr\u0103ri de evaluare, rezumare tehnic\u0103 \u0219i audit tehnologic. Desf\u0103\u0219oar\u0103 activit\u0103\u021bi de informare, documentare \u0219i de intermediere \u00een domeniul tehnic \u0219i financiar. Asigur\u0103 asistare, monitorizare \u0219i evaluare pentru licen\u021be, obiectul c\u0103rora este&hellip; <br \/> <a class=\"read-more\" href=\"https:\/\/ott.usm.md\/?page_id=33\">Cite\u0219te mai mult<\/a><\/p>\n","protected":false},"author":1,"featured_media":0,"parent":0,"menu_order":0,"comment_status":"closed","ping_status":"closed","template":"","meta":{"footnotes":""},"class_list":["post-33","page","type-page","status-publish","hentry"],"rttpg_featured_image_url":null,"rttpg_author":{"display_name":"","author_link":"https:\/\/ott.usm.md\/?author=1"},"rttpg_comment":0,"rttpg_category":null,"rttpg_excerpt":"\u00cen domeniul inov\u0103rii: Desf\u0103\u0219oar\u0103 activit\u0103\u021bi cu scopul protej\u0103rii propriet\u0103\u021bii intelectuale. \u00cendepline\u0219te activit\u0103\u021bi axate pe generarea, asimilarea \u0219i valorificarea rezultatelor CDI \u00een contextul socioeconomic. Execut\u0103 lucr\u0103ri de evaluare, rezumare tehnic\u0103 \u0219i audit tehnologic. Desf\u0103\u0219oar\u0103 activit\u0103\u021bi de informare, documentare \u0219i de intermediere \u00een domeniul tehnic \u0219i financiar. Asigur\u0103 asistare, monitorizare \u0219i evaluare pentru licen\u021be, obiectul c\u0103rora este&hellip;&hellip;","_links":{"self":[{"href":"https:\/\/ott.usm.md\/index.php?rest_route=\/wp\/v2\/pages\/33","targetHints":{"allow":["GET"]}}],"collection":[{"href":"https:\/\/ott.usm.md\/index.php?rest_route=\/wp\/v2\/pages"}],"about":[{"href":"https:\/\/ott.usm.md\/index.php?rest_route=\/wp\/v2\/types\/page"}],"author":[{"embeddable":true,"href":"https:\/\/ott.usm.md\/index.php?rest_route=\/wp\/v2\/users\/1"}],"replies":[{"embeddable":true,"href":"https:\/\/ott.usm.md\/index.php?rest_route=%2Fwp%2Fv2%2Fcomments&post=33"}],"version-history":[{"count":2,"href":"https:\/\/ott.usm.md\/index.php?rest_route=\/wp\/v2\/pages\/33\/revisions"}],"predecessor-version":[{"id":1179,"href":"https:\/\/ott.usm.md\/index.php?rest_route=\/wp\/v2\/pages\/33\/revisions\/1179"}],"wp:attachment":[{"href":"https:\/\/ott.usm.md\/index.php?rest_route=%2Fwp%2Fv2%2Fmedia&parent=33"}],"curies":[{"name":"wp","href":"https:\/\/api.w.org\/{rel}","templated":true}]}}