{"id":1253,"date":"2024-06-28T09:45:07","date_gmt":"2024-06-28T09:45:07","guid":{"rendered":"https:\/\/ott.usm.md\/?page_id=1253"},"modified":"2024-06-28T09:45:07","modified_gmt":"2024-06-28T09:45:07","slug":"tehnologii-de-protectie-a-mediului-inconjurator-individual","status":"publish","type":"page","link":"https:\/\/ott.usm.md\/?page_id=1253","title":{"rendered":"Tehnologii de Protec\u021bie a Mediului \u00cenconjur\u0103tor Individual"},"content":{"rendered":"<p><strong><a href=\"https:\/\/ott.usm.md\/wp-content\/uploads\/2024\/06\/1PM_Imbunatatirea-eficientei-epurarii-apelor-uzate-in-industriile-de-prelucrare-a-laptelui-1.pdf\" class=\"mtli_attachment mtli_pdf\">1PM_\u00cembun\u0103t\u0103\u021birea eficien\u021bei epur\u0103rii apelor uzate \u00een industriile de prelucrare a laptelui<\/a><\/strong><\/p>\n<p><strong><a href=\"https:\/\/ott.usm.md\/wp-content\/uploads\/2024\/06\/2PM_Imbunatatirea-eficientei-epurarii-apelor-uzate-in-industriile-de-prelucrare-a-carnii-1.pdf\" class=\"mtli_attachment mtli_pdf\">2PM_\u00cembun\u0103t\u0103\u021birea eficien\u021bei epur\u0103rii apelor uzate \u00een industriile de prelucrare a c\u0103rnii<\/a> <\/strong><\/p>\n<p><strong><a href=\"https:\/\/ott.usm.md\/wp-content\/uploads\/2024\/06\/3PM_Tehnologie-de-reproducere-ecologo-industriala-a-speciilor-rare-fitofile-de-pesti-1.pdf\" class=\"mtli_attachment mtli_pdf\">3PM_Tehnologie de reproducere ecologo-industrial\u0103 a speciilor rare fitofile de pe\u0219ti<\/a> <\/strong><\/p>\n","protected":false},"excerpt":{"rendered":"<p>1PM_\u00cembun\u0103t\u0103\u021birea eficien\u021bei epur\u0103rii apelor uzate \u00een industriile de prelucrare a laptelui 2PM_\u00cembun\u0103t\u0103\u021birea eficien\u021bei epur\u0103rii apelor uzate \u00een industriile de prelucrare a c\u0103rnii 3PM_Tehnologie de reproducere ecologo-industrial\u0103 a speciilor rare fitofile de pe\u0219ti<\/p>\n","protected":false},"author":1,"featured_media":0,"parent":0,"menu_order":0,"comment_status":"closed","ping_status":"closed","template":"","meta":{"footnotes":""},"class_list":["post-1253","page","type-page","status-publish","hentry"],"rttpg_featured_image_url":null,"rttpg_author":{"display_name":"","author_link":"https:\/\/ott.usm.md\/?author=1"},"rttpg_comment":0,"rttpg_category":null,"rttpg_excerpt":"1PM_\u00cembun\u0103t\u0103\u021birea eficien\u021bei epur\u0103rii apelor uzate \u00een industriile de prelucrare a laptelui 2PM_\u00cembun\u0103t\u0103\u021birea eficien\u021bei epur\u0103rii apelor uzate \u00een industriile de prelucrare a c\u0103rnii 3PM_Tehnologie de reproducere ecologo-industrial\u0103 a speciilor rare fitofile de pe\u0219ti","_links":{"self":[{"href":"https:\/\/ott.usm.md\/index.php?rest_route=\/wp\/v2\/pages\/1253","targetHints":{"allow":["GET"]}}],"collection":[{"href":"https:\/\/ott.usm.md\/index.php?rest_route=\/wp\/v2\/pages"}],"about":[{"href":"https:\/\/ott.usm.md\/index.php?rest_route=\/wp\/v2\/types\/page"}],"author":[{"embeddable":true,"href":"https:\/\/ott.usm.md\/index.php?rest_route=\/wp\/v2\/users\/1"}],"replies":[{"embeddable":true,"href":"https:\/\/ott.usm.md\/index.php?rest_route=%2Fwp%2Fv2%2Fcomments&post=1253"}],"version-history":[{"count":1,"href":"https:\/\/ott.usm.md\/index.php?rest_route=\/wp\/v2\/pages\/1253\/revisions"}],"predecessor-version":[{"id":1257,"href":"https:\/\/ott.usm.md\/index.php?rest_route=\/wp\/v2\/pages\/1253\/revisions\/1257"}],"wp:attachment":[{"href":"https:\/\/ott.usm.md\/index.php?rest_route=%2Fwp%2Fv2%2Fmedia&parent=1253"}],"curies":[{"name":"wp","href":"https:\/\/api.w.org\/{rel}","templated":true}]}}