{"id":1218,"date":"2024-06-28T09:39:41","date_gmt":"2024-06-28T09:39:41","guid":{"rendered":"https:\/\/ott.usm.md\/?page_id=1218"},"modified":"2024-06-28T09:39:41","modified_gmt":"2024-06-28T09:39:41","slug":"tehnologii-agricule-individuale","status":"publish","type":"page","link":"https:\/\/ott.usm.md\/?page_id=1218","title":{"rendered":"Tehnologii Agricule Individuale"},"content":{"rendered":"<p><strong><a href=\"https:\/\/ott.usm.md\/wp-content\/uploads\/2024\/06\/1A_Procedee-de-sporire-a-germinarii-semintelor-si-a-rezistentei-plantulelor-de-fag-1.pdf\" class=\"mtli_attachment mtli_pdf\">1A_Procedee de sporire a germin\u0103rii semin\u021belor \u0219i a rezisten\u021bei plantulelor de fag<\/a> <\/strong><\/p>\n<p><strong><a href=\"https:\/\/ott.usm.md\/wp-content\/uploads\/2024\/06\/2A_Procedeu-de-cultivare-a-pomilor-de-prun-1.pdf\" class=\"mtli_attachment mtli_pdf\">2A_Procedeu de cultivare a pomilor de prun<\/a><\/strong><\/p>\n<p><strong><a href=\"https:\/\/ott.usm.md\/wp-content\/uploads\/2024\/06\/3A_Procedeu-de-micropropagare-a-plantelor-de-gerbera-in-vitro-1.pdf\" class=\"mtli_attachment mtli_pdf\">3A_Procedeu de micropropagare a plantelor de gerber\u0103 in vitro<\/a><\/strong><\/p>\n<p><strong><a href=\"https:\/\/ott.usm.md\/wp-content\/uploads\/2024\/06\/4A_Procedeu-de-micropropagare-a-plantelor-de-Actinidia-arguta-in-vitro-1.pdf\" class=\"mtli_attachment mtli_pdf\">4A_Procedeu de micropropagare a plantelor de Actinidia arguta in vitro<\/a><\/strong><\/p>\n<p><strong><a href=\"https:\/\/ott.usm.md\/wp-content\/uploads\/2024\/06\/5A_Procedeu-de-micropropagare-a-plantelor-de-Mentha-gattefossei-Maire-in-vitro-1.pdf\" class=\"mtli_attachment mtli_pdf\">5A_Procedeu de micropropagare a plantelor de Mentha gattefossei Maire in vitro<\/a><\/strong><\/p>\n<p><strong><a href=\"https:\/\/ott.usm.md\/wp-content\/uploads\/2024\/06\/6A_Procedeu-de-multiplicare-microclonala-a-vitei-de-vie-1.pdf\" class=\"mtli_attachment mtli_pdf\">6A_Procedeu de multiplicare microclonal\u0103 a vi\u021bei de vie<\/a><\/strong><\/p>\n<p><strong><a href=\"https:\/\/ott.usm.md\/wp-content\/uploads\/2024\/06\/7A_Procedeu-de-obtinere-a-plantelor-de-vita-de-vie-libere-de-virusul-rasucirii-frunzelor-1.pdf\" class=\"mtli_attachment mtli_pdf\">7A_Procedeu de ob\u021binere a plantelor de vi\u021b\u0103 de vie libere de virusul r\u0103sucirii frunzelor<\/a><\/strong><\/p>\n<p><strong><a href=\"https:\/\/ott.usm.md\/wp-content\/uploads\/2024\/06\/8A_Procedeu-de-tratare-a-boabelor-de-grau-pentru-sporirea-rezistentei-la-fungii-F.-oxysporum-si-D.-sorokiniana-1.pdf\" class=\"mtli_attachment mtli_pdf\">8A_Procedeu de tratare a boabelor de gr\u00e2u pentru sporirea rezisten\u021bei la fungii F. oxysporum \u0219i D. sorokiniana<\/a><\/strong><\/p>\n<p><strong><a href=\"https:\/\/ott.usm.md\/wp-content\/uploads\/2024\/06\/9A_Procedeu-de-tratare-a-boabelor-de-grau-pentru-sporirea-rezistentei-la-actiunea-fungului-F-oxysporum-1.pdf\" class=\"mtli_attachment mtli_pdf\">9A_Procedeu de tratare a boabelor de gr\u00e2u pentru sporirea rezisten\u021bei la ac\u021biunea fungului F oxysporum<\/a><\/strong><\/p>\n<p><strong><a href=\"https:\/\/ott.usm.md\/wp-content\/uploads\/2024\/06\/10A_Procedeu-de-tratare-a-boabelor-de-grau-comun-pentru-sporirea-rezistentei-la-actiunea-fungului-F.-oxysporum-1.pdf\" class=\"mtli_attachment mtli_pdf\">10A_Procedeu de tratare a boabelor de gr\u00e2u comun pentru sporirea rezisten\u021bei la ac\u021biunea fungului F. oxysporum<\/a> <\/strong><\/p>\n<p><strong><a href=\"https:\/\/ott.usm.md\/wp-content\/uploads\/2024\/06\/11A_Tehnologie-de-determinare-a-rezistentei-genotipurilor-de-grau-comun-la-temperaturi-extreme-1.pdf\" class=\"mtli_attachment mtli_pdf\">11A_Tehnologie de determinare a rezisten\u021bei genotipurilor de gr\u00e2u comun la temperaturi extreme<\/a> <\/strong><\/p>\n<p><strong><a href=\"https:\/\/ott.usm.md\/wp-content\/uploads\/2024\/06\/12A_Tehnologie-de-micropropagare-a-plantelor-de-Lilium-martagon-prin-cultura-in-vitro-1.pdf\" class=\"mtli_attachment mtli_pdf\">12A_Tehnologie de micropropagare a plantelor de Lilium martagon prin cultura in vitro<\/a> <\/strong><\/p>\n<p><strong><a href=\"https:\/\/ott.usm.md\/wp-content\/uploads\/2024\/06\/13A_Tehnologie-de-sporire-a-rezistentei-graului-comun-de-toamna-la-putregaiul-de-radacina-1.pdf\" class=\"mtli_attachment mtli_pdf\">13A_Tehnologie de sporire a rezisten\u021bei gr\u00e2ului comun de toamn\u0103 la putregaiul de r\u0103d\u0103cin\u0103<\/a> <\/strong><\/p>\n<p><strong><a href=\"https:\/\/ott.usm.md\/wp-content\/uploads\/2024\/06\/14A_Tehnologie-de-obtinere-a-conveierului-infloritor-din-plante-nectarifere-la-cultura-prunului-1.pdf\" class=\"mtli_attachment mtli_pdf\">14A_Tehnologie de ob\u021binere a conveierului \u00eenfloritor din plante nectarifere la cultura prunului<\/a> <\/strong><\/p>\n<p><strong><a href=\"https:\/\/ott.usm.md\/wp-content\/uploads\/2024\/06\/15A_Tehnologie-de-obtinere-a-puietilor-de-stejar-cu-vigurozitate-inalta-si-viteza-sporita-de-crestere-1.pdf\" class=\"mtli_attachment mtli_pdf\">15A_Tehnologie de ob\u021binere a puie\u021bilor de stejar cu vigurozitate \u00eenalt\u0103 \u0219i vitez\u0103 sporit\u0103 de cre\u0219tere<\/a> <\/strong><\/p>\n<p><strong><a href=\"https:\/\/ott.usm.md\/wp-content\/uploads\/2024\/06\/16A_Tehnologie-de-obtinere-a-preparatului-antiparazitar-pentru-tratarea-cartofului-1.pdf\" class=\"mtli_attachment mtli_pdf\">16A_Tehnologie de ob\u021binere a preparatului antiparazitar pentru tratarea cartofului<\/a> <\/strong><\/p>\n<p><strong><a href=\"https:\/\/ott.usm.md\/wp-content\/uploads\/2024\/06\/17A_Tehnologie-de-multiplicare-a-entomofagilor-Trichogramma-spp.-Bracon-hebetor-1.pdf\" class=\"mtli_attachment mtli_pdf\">17A_Tehnologie de multiplicare a entomofagilor (Trichogramma spp., Bracon hebetor)<\/a> <\/strong><\/p>\n<p><strong><a href=\"https:\/\/ott.usm.md\/wp-content\/uploads\/2024\/06\/18A_Tehnologie-si-echipament-de-crestere-in-masa-a-parazitoidului-Uscana-senex-1.pdf\" class=\"mtli_attachment mtli_pdf\">18A_Tehnologie \u0219i echipament de cre\u0219tere \u00een mas\u0103 a parazitoidului Uscana senex<\/a> <\/strong><\/p>\n<p><strong><a href=\"https:\/\/ott.usm.md\/wp-content\/uploads\/2024\/06\/19A_Tehnologia-de-intretinere-si-exploatare-a-familiilor-de-albine-1.pdf\" class=\"mtli_attachment mtli_pdf\">19A_Tehnologia de \u00eentre\u021binere \u0219i exploatare a familiilor de albine<\/a> <\/strong><\/p>\n<p><strong><a href=\"https:\/\/ott.usm.md\/wp-content\/uploads\/2024\/06\/20A_Procedeu-de-crestere-a-pestilor-reproducatori-de-ciprinide-in-helesteie-1.pdf\" class=\"mtli_attachment mtli_pdf\">20A_Procedeu de cre\u0219tere a pe\u0219tilor reproduc\u0103tori de ciprinide \u00een hele\u0219teie<\/a> <\/strong><\/p>\n<p><strong><a href=\"https:\/\/ott.usm.md\/wp-content\/uploads\/2024\/06\/21A_Tehnologie-de-obtinere-a-brichetelor-pentru-deparazitarea-cervidelor-1.pdf\" class=\"mtli_attachment mtli_pdf\">21A_Tehnologie de ob\u021binere a brichetelor pentru deparazitarea cervidelor<\/a> <\/strong><\/p>\n<p><strong><a href=\"https:\/\/ott.usm.md\/wp-content\/uploads\/2024\/06\/22A_Metoda-de-stimulare-a-spermatogenezei-la-iepuri-1.pdf\" class=\"mtli_attachment mtli_pdf\">22A_Metod\u0103 de stimulare a spermatogenezei la iepuri<\/a> <\/strong><\/p>\n<p><strong><a href=\"https:\/\/ott.usm.md\/wp-content\/uploads\/2024\/06\/23A_Vagin-artificial-pentru-colectarea-spermei-de-la-masculii-de-iepuri-1.pdf\" class=\"mtli_attachment mtli_pdf\">23A_Vagin artificial pentru colectarea spermei de la masculii de iepuri<\/a> <\/strong><\/p>\n<p><strong><a href=\"https:\/\/ott.usm.md\/wp-content\/uploads\/2024\/06\/24A_Procedeu-de-mentinere-a-mobilitatii-celulelor-reproductive-masculine-1.pdf\" class=\"mtli_attachment mtli_pdf\">24A_Procedeu de men\u0163inere a mobilit\u0103\u0163ii celulelor reproductive masculine<\/a> <\/strong><\/p>\n<p><strong><a href=\"https:\/\/ott.usm.md\/wp-content\/uploads\/2024\/06\/25A_Sonda-magnetica-pentru-extragerea-obiectelor-feromagnetice-din-reteaua-bovinelor-1.pdf\" class=\"mtli_attachment mtli_pdf\">25A_Sond\u0103 magnetic\u0103 pentru extragerea obiectelor feromagnetice din re\u0163eaua bovinelor<\/a> <\/strong><\/p>\n","protected":false},"excerpt":{"rendered":"<p>1A_Procedee de sporire a germin\u0103rii semin\u021belor \u0219i a rezisten\u021bei plantulelor de fag 2A_Procedeu de cultivare a pomilor de prun 3A_Procedeu de micropropagare a plantelor de gerber\u0103 in vitro 4A_Procedeu de micropropagare a plantelor de Actinidia arguta in vitro 5A_Procedeu de micropropagare a plantelor de Mentha gattefossei Maire in vitro 6A_Procedeu de multiplicare microclonal\u0103 a vi\u021bei&hellip; <br \/> <a class=\"read-more\" href=\"https:\/\/ott.usm.md\/?page_id=1218\">Cite\u0219te mai mult<\/a><\/p>\n","protected":false},"author":1,"featured_media":0,"parent":0,"menu_order":0,"comment_status":"closed","ping_status":"closed","template":"","meta":{"footnotes":""},"class_list":["post-1218","page","type-page","status-publish","hentry"],"rttpg_featured_image_url":null,"rttpg_author":{"display_name":"","author_link":"https:\/\/ott.usm.md\/?author=1"},"rttpg_comment":0,"rttpg_category":null,"rttpg_excerpt":"1A_Procedee de sporire a germin\u0103rii semin\u021belor \u0219i a rezisten\u021bei plantulelor de fag 2A_Procedeu de cultivare a pomilor de prun 3A_Procedeu de micropropagare a plantelor de gerber\u0103 in vitro 4A_Procedeu de micropropagare a plantelor de Actinidia arguta in vitro 5A_Procedeu de micropropagare a plantelor de Mentha gattefossei Maire in vitro 6A_Procedeu de multiplicare microclonal\u0103 a vi\u021bei&hellip;&hellip;","_links":{"self":[{"href":"https:\/\/ott.usm.md\/index.php?rest_route=\/wp\/v2\/pages\/1218","targetHints":{"allow":["GET"]}}],"collection":[{"href":"https:\/\/ott.usm.md\/index.php?rest_route=\/wp\/v2\/pages"}],"about":[{"href":"https:\/\/ott.usm.md\/index.php?rest_route=\/wp\/v2\/types\/page"}],"author":[{"embeddable":true,"href":"https:\/\/ott.usm.md\/index.php?rest_route=\/wp\/v2\/users\/1"}],"replies":[{"embeddable":true,"href":"https:\/\/ott.usm.md\/index.php?rest_route=%2Fwp%2Fv2%2Fcomments&post=1218"}],"version-history":[{"count":1,"href":"https:\/\/ott.usm.md\/index.php?rest_route=\/wp\/v2\/pages\/1218\/revisions"}],"predecessor-version":[{"id":1244,"href":"https:\/\/ott.usm.md\/index.php?rest_route=\/wp\/v2\/pages\/1218\/revisions\/1244"}],"wp:attachment":[{"href":"https:\/\/ott.usm.md\/index.php?rest_route=%2Fwp%2Fv2%2Fmedia&parent=1218"}],"curies":[{"name":"wp","href":"https:\/\/api.w.org\/{rel}","templated":true}]}}